{"id":6273,"date":"2023-01-31T13:03:05","date_gmt":"2023-03-20T08:54:58","guid":{"rendered":"http:\/\/vinals1906.com\/tienda\/Sense%20categoria\/xuletes-de-porc-ral-davinyo\/"},"modified":"2023-10-23T16:27:01","modified_gmt":"2023-10-23T16:27:01","slug":"costelles-de-ral-avinyo-2","status":"publish","type":"product","link":"https:\/\/store.vinals1906.com\/ca\/tienda\/comprar\/costelles-de-ral-avinyo-2\/","title":{"rendered":"Xuletes de porc Ral d&#8217;Aviny\u00f3"},"content":{"rendered":"<p>Cada costella est\u00e0 acuradament seleccionada i tallada per experts carnissers, cosa que garanteix la seva frescor i el seu sabor excepcional. A m\u00e9s, aquestes <strong>costelles<\/strong> es presenten amb un tall perfecte i un gruix uniforme, cosa que en facilita la cocci\u00f3 i les converteix en una opci\u00f3 ideal per a qualsevol ocasi\u00f3.<\/p>\n<p>A la carnisseria en l\u00ednia, t&#8217;oferim la possibilitat d&#8217;adquirir aquestes costelles de porc Ral d&#8217;Aviny\u00f3 de forma c\u00f2moda i segura, sense necessitat de sortir de casa. Podr\u00e0s gaudir del seu sabor \u00fanic i de la frescor de la carn directament a casa teva, gr\u00e0cies al nostre servei de lliurament r\u00e0pid i eficient.<\/p>\n<p>Si busques una opci\u00f3 d&#8217;alta qualitat per als teus \u00e0pats, no dubtis a tastar aquestes costelles de porc Ral d&#8217;Aviny\u00f3, un producte excepcional que no et deixar\u00e0 indiferent.<\/p>\n","protected":false},"excerpt":{"rendered":"<p>Les costelles de porc Ral d&#8217;Aviny\u00f3 s\u00f3n un producte premium d&#8217;alta qualitat que pots trobar a la nostra carnisseria en l\u00ednia. Aquestes costelles de porc provenen de porcs criats a la regi\u00f3 de Ral d&#8217;Aviny\u00f3, famosa pel seu clima privilegiat i les pastures verdes i fresques.<\/p>\n","protected":false},"featured_media":5963,"comment_status":"open","ping_status":"closed","template":"","meta":{"inline_featured_image":false,"_uag_custom_page_level_css":"","site-sidebar-layout":"default","site-content-layout":"default","ast-site-content-layout":"default","site-content-style":"default","site-sidebar-style":"default","ast-global-header-display":"","ast-banner-title-visibility":"","ast-main-header-display":"","ast-hfb-above-header-display":"","ast-hfb-below-header-display":"","ast-hfb-mobile-header-display":"","site-post-title":"","ast-breadcrumbs-content":"","ast-featured-img":"","footer-sml-layout":"","theme-transparent-header-meta":"default","adv-header-id-meta":"","stick-header-meta":"default","header-above-stick-meta":"","header-main-stick-meta":"","header-below-stick-meta":"","astra-migrate-meta-layouts":"default","ast-page-background-enabled":"default","ast-page-background-meta":{"desktop":{"background-color":"var(--ast-global-color-4)","background-image":"","background-repeat":"repeat","background-position":"center center","background-size":"auto","background-attachment":"scroll","background-type":"","background-media":"","overlay-type":"","overlay-color":"","overlay-opacity":"","overlay-gradient":""},"tablet":{"background-color":"","background-image":"","background-repeat":"repeat","background-position":"center center","background-size":"auto","background-attachment":"scroll","background-type":"","background-media":"","overlay-type":"","overlay-color":"","overlay-opacity":"","overlay-gradient":""},"mobile":{"background-color":"","background-image":"","background-repeat":"repeat","background-position":"center center","background-size":"auto","background-attachment":"scroll","background-type":"","background-media":"","overlay-type":"","overlay-color":"","overlay-opacity":"","overlay-gradient":""}},"ast-content-background-meta":{"desktop":{"background-color":"var(--ast-global-color-5)","background-image":"","background-repeat":"repeat","background-position":"center center","background-size":"auto","background-attachment":"scroll","background-type":"","background-media":"","overlay-type":"","overlay-color":"","overlay-opacity":"","overlay-gradient":""},"tablet":{"background-color":"var(--ast-global-color-5)","background-image":"","background-repeat":"repeat","background-position":"center center","background-size":"auto","background-attachment":"scroll","background-type":"","background-media":"","overlay-type":"","overlay-color":"","overlay-opacity":"","overlay-gradient":""},"mobile":{"background-color":"var(--ast-global-color-5)","background-image":"","background-repeat":"repeat","background-position":"center center","background-size":"auto","background-attachment":"scroll","background-type":"","background-media":"","overlay-type":"","overlay-color":"","overlay-opacity":"","overlay-gradient":""}}},"product_brand":[],"product_cat":[501],"product_tag":[],"class_list":{"0":"post-6273","1":"product","2":"type-product","3":"status-publish","4":"has-post-thumbnail","6":"product_cat-porc","7":"pa_raza-ral-davinyo","8":"desktop-align-left","9":"tablet-align-left","10":"mobile-align-left","11":"ast-product-gallery-layout-horizontal-slider","12":"ast-product-gallery-with-no-image","13":"ast-product-single-variable","14":"ast-product-tabs-layout-horizontal","16":"first","17":"outofstock","18":"taxable","19":"shipping-taxable","20":"purchasable","21":"product-type-variable"},"yoast_head":"<!-- This site is optimized with the Yoast SEO Premium plugin v20.9 (Yoast SEO v27.3) - https:\/\/yoast.com\/product\/yoast-seo-premium-wordpress\/ -->\n<title>Xuletes de porc Ral d&#039;Aviny\u00f3 - Vi\u00f1als 1906<\/title>\n<meta name=\"description\" content=\"Les costelles de porc Ral d&#039;Aviny\u00f3 s\u00f3n un producte premium d&#039;alta qualitat que pots trobar a la nostra carnisseria en l\u00ednia.\" \/>\n<meta name=\"robots\" content=\"index, follow, max-snippet:-1, max-image-preview:large, max-video-preview:-1\" \/>\n<link rel=\"canonical\" href=\"https:\/\/store.vinals1906.com\/tienda\/comprar\/chuletas-de-ral-avinyo\/\" \/>\n<meta property=\"og:locale\" content=\"ca_ES\" \/>\n<meta property=\"og:type\" content=\"article\" \/>\n<meta property=\"og:title\" content=\"Xuletes de porc Ral d&#039;Aviny\u00f3\" \/>\n<meta property=\"og:description\" content=\"Les costelles de porc Ral d&#039;Aviny\u00f3 s\u00f3n un producte premium d&#039;alta qualitat que pots trobar a la nostra carnisseria en l\u00ednia.\" \/>\n<meta property=\"og:url\" content=\"https:\/\/store.vinals1906.com\/tienda\/comprar\/chuletas-de-ral-avinyo\/\" \/>\n<meta property=\"og:site_name\" content=\"Vi\u00f1als 1906\" \/>\n<meta property=\"article:publisher\" content=\"https:\/\/www.facebook.com\/vinals1906\/?locale=es_ES\" \/>\n<meta property=\"article:modified_time\" content=\"2023-10-23T16:27:01+00:00\" \/>\n<meta property=\"og:image\" content=\"https:\/\/store.vinals1906.com\/wp-content\/uploads\/2023\/02\/33-scaled.jpg\" \/>\n\t<meta property=\"og:image:width\" content=\"1024\" \/>\n\t<meta property=\"og:image:height\" content=\"576\" \/>\n\t<meta property=\"og:image:type\" content=\"image\/jpeg\" \/>\n<meta name=\"twitter:card\" content=\"summary_large_image\" \/>\n<meta name=\"twitter:label1\" content=\"Temps estimat de lectura\" \/>\n\t<meta name=\"twitter:data1\" content=\"1 minut\" \/>\n<!-- \/ Yoast SEO Premium plugin. -->","yoast_head_json":{"title":"Xuletes de porc Ral d'Aviny\u00f3 - Vi\u00f1als 1906","description":"Les costelles de porc Ral d'Aviny\u00f3 s\u00f3n un producte premium d'alta qualitat que pots trobar a la nostra carnisseria en l\u00ednia.","robots":{"index":"index","follow":"follow","max-snippet":"max-snippet:-1","max-image-preview":"max-image-preview:large","max-video-preview":"max-video-preview:-1"},"canonical":"https:\/\/store.vinals1906.com\/tienda\/comprar\/chuletas-de-ral-avinyo\/","og_locale":"ca_ES","og_type":"article","og_title":"Xuletes de porc Ral d'Aviny\u00f3","og_description":"Les costelles de porc Ral d'Aviny\u00f3 s\u00f3n un producte premium d'alta qualitat que pots trobar a la nostra carnisseria en l\u00ednia.","og_url":"https:\/\/store.vinals1906.com\/tienda\/comprar\/chuletas-de-ral-avinyo\/","og_site_name":"Vi\u00f1als 1906","article_publisher":"https:\/\/www.facebook.com\/vinals1906\/?locale=es_ES","article_modified_time":"2023-10-23T16:27:01+00:00","og_image":[{"width":1024,"height":576,"url":"https:\/\/store.vinals1906.com\/wp-content\/uploads\/2023\/02\/33-scaled.jpg","type":"image\/jpeg"}],"twitter_card":"summary_large_image","twitter_misc":{"Temps estimat de lectura":"1 minut"},"schema":{"@context":"https:\/\/schema.org","@graph":[{"@type":"WebPage","@id":"https:\/\/store.vinals1906.com\/tienda\/comprar\/chuletas-de-ral-avinyo\/","url":"https:\/\/store.vinals1906.com\/tienda\/comprar\/chuletas-de-ral-avinyo\/","name":"Xuletes de porc Ral d'Aviny\u00f3 - Vi\u00f1als 1906","isPartOf":{"@id":"https:\/\/store.vinals1906.com\/#website"},"primaryImageOfPage":{"@id":"https:\/\/store.vinals1906.com\/tienda\/comprar\/chuletas-de-ral-avinyo\/#primaryimage"},"image":{"@id":"https:\/\/store.vinals1906.com\/tienda\/comprar\/chuletas-de-ral-avinyo\/#primaryimage"},"thumbnailUrl":"https:\/\/store.vinals1906.com\/wp-content\/uploads\/2023\/02\/33-scaled.jpg","datePublished":"2023-03-20T08:54:58+00:00","dateModified":"2023-10-23T16:27:01+00:00","description":"Les costelles de porc Ral d'Aviny\u00f3 s\u00f3n un producte premium d'alta qualitat que pots trobar a la nostra carnisseria en l\u00ednia.","breadcrumb":{"@id":"https:\/\/store.vinals1906.com\/tienda\/comprar\/chuletas-de-ral-avinyo\/#breadcrumb"},"inLanguage":"ca","potentialAction":[{"@type":"ReadAction","target":["https:\/\/store.vinals1906.com\/tienda\/comprar\/chuletas-de-ral-avinyo\/"]}]},{"@type":"ImageObject","inLanguage":"ca","@id":"https:\/\/store.vinals1906.com\/tienda\/comprar\/chuletas-de-ral-avinyo\/#primaryimage","url":"https:\/\/store.vinals1906.com\/wp-content\/uploads\/2023\/02\/33-scaled.jpg","contentUrl":"https:\/\/store.vinals1906.com\/wp-content\/uploads\/2023\/02\/33-scaled.jpg","width":1024,"height":576},{"@type":"BreadcrumbList","@id":"https:\/\/store.vinals1906.com\/tienda\/comprar\/chuletas-de-ral-avinyo\/#breadcrumb","itemListElement":[{"@type":"ListItem","position":1,"name":"Portada","item":"https:\/\/store.vinals1906.com\/"},{"@type":"ListItem","position":2,"name":"Botiga","item":"https:\/\/store.vinals1906.com\/tienda\/"},{"@type":"ListItem","position":3,"name":"Xuletes de porc Ral d&#8217;Aviny\u00f3"}]},{"@type":"WebSite","@id":"https:\/\/store.vinals1906.com\/#website","url":"https:\/\/store.vinals1906.com\/","name":"Vinals1906.com","description":"Carnicer\u00eda online en Barcelona","publisher":{"@id":"https:\/\/store.vinals1906.com\/#organization"},"alternateName":"Vi\u00f1als 1906","potentialAction":[{"@type":"SearchAction","target":{"@type":"EntryPoint","urlTemplate":"https:\/\/store.vinals1906.com\/?s={search_term_string}"},"query-input":{"@type":"PropertyValueSpecification","valueRequired":true,"valueName":"search_term_string"}}],"inLanguage":"ca"},{"@type":"Organization","@id":"https:\/\/store.vinals1906.com\/#organization","name":"Vinals1906.com","url":"https:\/\/store.vinals1906.com\/","logo":{"@type":"ImageObject","inLanguage":"ca","@id":"https:\/\/store.vinals1906.com\/#\/schema\/logo\/image\/","url":"https:\/\/store.vinals1906.com\/wp-content\/uploads\/LOGO_9.svg","contentUrl":"https:\/\/store.vinals1906.com\/wp-content\/uploads\/LOGO_9.svg","caption":"Vinals1906.com"},"image":{"@id":"https:\/\/store.vinals1906.com\/#\/schema\/logo\/image\/"},"sameAs":["https:\/\/www.facebook.com\/vinals1906\/?locale=es_ES"]}]}},"spectra_custom_meta":{"_backorders":["no"],"_download_limit":["-1"],"_download_expiry":["-1"],"_downloadable":["no"],"_manage_stock":["no"],"_stock_status":["outofstock"],"_sold_individually":["no"],"_tax_class":[""],"_tax_status":["taxable"],"_virtual":["no"],"total_sales":["2"],"_wpml_media_duplicate":["0"],"_wpml_media_featured":["1"],"stick-header-meta":["default"],"site-sidebar-layout":["default"],"site-content-layout":["default"],"theme-transparent-header-meta":["default"],"_top_nav_excluded":[""],"_cms_nav_minihome":[""],"wcml_sync_hash":["a:1:{s:15:\"postmeta_fields\";s:32:\"1930810fd1846d1f72c96d6bbbcbc1ab\";}"],"_wcml_average_rating":[null],"_wcml_review_count":[null],"_wcml_rating_count":[null],"attr_label_translations":["a:0:{}"],"_product_attributes":["a:2:{s:7:\"pa_peso\";a:6:{s:4:\"name\";s:7:\"pa_peso\";s:5:\"value\";s:0:\"\";s:8:\"position\";i:0;s:10:\"is_visible\";i:1;s:12:\"is_variation\";i:1;s:11:\"is_taxonomy\";i:1;}s:7:\"pa_raza\";a:6:{s:4:\"name\";s:7:\"pa_raza\";s:5:\"value\";s:0:\"\";s:8:\"position\";i:1;s:10:\"is_visible\";i:1;s:12:\"is_variation\";i:0;s:11:\"is_taxonomy\";i:1;}}"],"_thumbnail_id":["5963"],"_default_attributes":["a:0:{}"],"_upsell_ids":["a:0:{}"],"_crosssell_ids":["a:0:{}"],"_children":["a:0:{}"],"_last_translation_edit_mode":["translation-editor"],"_yoast_wpseo_primary_product_cat":[""],"_price":["4.73","9.45","14.18","18.90"],"_yoast_wpseo_metadesc":["Les costelles de porc Ral d'Aviny\u00f3 s\u00f3n un producte premium d'alta qualitat que pots trobar a la nostra carnisseria en l\u00ednia."],"_yoast_wpseo_focuskw":["Xuletes de porc Ral d'Aviny\u00f3"],"_yoast_wpseo_focuskeywords":[""],"ast-site-content-layout":["default"],"site-content-style":["default"],"site-sidebar-style":["default"],"_uag_css_file_name":["uag-css-6273.css"],"_wc_rating_count":[""],"_wc_review_count":[""],"_wc_average_rating":[0]},"uagb_featured_image_src":{"full":["https:\/\/store.vinals1906.com\/wp-content\/uploads\/2023\/02\/33-scaled.jpg",1024,576,false],"thumbnail":["https:\/\/store.vinals1906.com\/wp-content\/uploads\/2023\/02\/33-scaled.jpg",150,84,false],"medium":["https:\/\/store.vinals1906.com\/wp-content\/uploads\/2023\/02\/33-scaled.jpg",300,169,false],"medium_large":["https:\/\/store.vinals1906.com\/wp-content\/uploads\/2023\/02\/33-scaled.jpg",768,432,false],"large":["https:\/\/store.vinals1906.com\/wp-content\/uploads\/2023\/02\/33-scaled.jpg",1024,576,false],"1536x1536":["https:\/\/store.vinals1906.com\/wp-content\/uploads\/2023\/02\/33-scaled.jpg",1024,576,false],"2048x2048":["https:\/\/store.vinals1906.com\/wp-content\/uploads\/2023\/02\/33-scaled.jpg",1024,576,false],"blog":["https:\/\/store.vinals1906.com\/wp-content\/uploads\/2023\/02\/33-scaled.jpg",600,338,false],"mailpoet_newsletter_max":["https:\/\/store.vinals1906.com\/wp-content\/uploads\/2023\/02\/33-scaled.jpg",1024,576,false],"woocommerce_thumbnail":["https:\/\/store.vinals1906.com\/wp-content\/uploads\/2023\/02\/33-scaled-600x576.jpg",600,576,true],"woocommerce_single":["https:\/\/store.vinals1906.com\/wp-content\/uploads\/2023\/02\/33-scaled-600x338.jpg",600,338,true],"woocommerce_gallery_thumbnail":["https:\/\/store.vinals1906.com\/wp-content\/uploads\/2023\/02\/33-scaled-100x100.jpg",100,100,true],"dgwt-wcas-product-suggestion":["https:\/\/store.vinals1906.com\/wp-content\/uploads\/2023\/02\/33-scaled-64x36.jpg",64,36,true]},"uagb_author_info":{"display_name":"Domingo","author_link":"https:\/\/store.vinals1906.com\/ca\/author\/"},"uagb_comment_info":0,"uagb_excerpt":"Les costelles de porc Ral d'Aviny\u00f3 s\u00f3n un producte premium d'alta qualitat que pots trobar a la nostra carnisseria en l\u00ednia. Aquestes costelles de porc provenen de porcs criats a la regi\u00f3 de Ral d'Aviny\u00f3, famosa pel seu clima privilegiat i les pastures verdes i fresques.","_links":{"self":[{"href":"https:\/\/store.vinals1906.com\/ca\/wp-json\/wp\/v2\/product\/6273","targetHints":{"allow":["GET"]}}],"collection":[{"href":"https:\/\/store.vinals1906.com\/ca\/wp-json\/wp\/v2\/product"}],"about":[{"href":"https:\/\/store.vinals1906.com\/ca\/wp-json\/wp\/v2\/types\/product"}],"replies":[{"embeddable":true,"href":"https:\/\/store.vinals1906.com\/ca\/wp-json\/wp\/v2\/comments?post=6273"}],"wp:featuredmedia":[{"embeddable":true,"href":"https:\/\/store.vinals1906.com\/ca\/wp-json\/wp\/v2\/media\/5963"}],"wp:attachment":[{"href":"https:\/\/store.vinals1906.com\/ca\/wp-json\/wp\/v2\/media?parent=6273"}],"wp:term":[{"taxonomy":"product_brand","embeddable":true,"href":"https:\/\/store.vinals1906.com\/ca\/wp-json\/wp\/v2\/product_brand?post=6273"},{"taxonomy":"product_cat","embeddable":true,"href":"https:\/\/store.vinals1906.com\/ca\/wp-json\/wp\/v2\/product_cat?post=6273"},{"taxonomy":"product_tag","embeddable":true,"href":"https:\/\/store.vinals1906.com\/ca\/wp-json\/wp\/v2\/product_tag?post=6273"}],"curies":[{"name":"wp","href":"https:\/\/api.w.org\/{rel}","templated":true}]}}