{"id":6372,"date":"2023-01-31T19:47:52","date_gmt":"2023-01-31T19:47:52","guid":{"rendered":"http:\/\/vinals1906.com\/tienda\/Sense%20categoria\/botifarra-de-vedella-de-la-cerdanya\/"},"modified":"2023-06-20T06:54:37","modified_gmt":"2023-06-20T06:54:37","slug":"botifarra-de-vedella-de-la-cerdanya","status":"publish","type":"product","link":"https:\/\/store.vinals1906.com\/ca\/tienda\/comprar\/botifarra-de-vedella-de-la-cerdanya\/","title":{"rendered":"Botifarra de vedella de la Cerdanya"},"content":{"rendered":"<p>Provinent de la regi\u00f3 de la Cerdanya, coneguda per la qualitat de la carn i la tradici\u00f3 ramadera, aquesta botifarra est\u00e0 elaborada amb carn de vedella 100% natural i sense additius ni conservants.<\/p>\n<p>La vedella de la Cerdanya es cria en llibertat i s&#8217;alimenta de forma natural, cosa que es reflecteix en la qualitat de la seva carn. La botifarra de vedella de la Cerdanya s&#8217;elabora de manera artesanal, seguint les receptes tradicionals de la regi\u00f3, cosa que li confereix un gust i una textura \u00fanics.<\/p>\n<p>La Botifarra de vedella de La Cerdanya \u00e9s ideal per rostir a la graella oa la planxa i acompanyar-la amb els teus ingredients preferits. A m\u00e9s, com que \u00e9s un producte de la Cerdanya, es garanteix una producci\u00f3 local i sostenible, amb animals criats en llibertat i alimentats de forma natural.<\/p>\n<p>La Botifarra de vedella de La Cerdanya \u00e9s una opci\u00f3 ideal per a aquells que busquen una botifarra d\u00b4alta qualitat i sabor aut\u00e8ntic. La seva elaboraci\u00f3 artesanal i la qualitat de la carn la converteixen en una opci\u00f3 \u00fanica per a qualsevol ocasi\u00f3. Prova la botifarra de vedella de la Cerdanya i descobreix-ne el sabor \u00fanic i inigualable!<\/p>\n","protected":false},"excerpt":{"rendered":"<p>La <strong>botifarra de vedella<\/strong> de la Cerdanya \u00e9s un producte d&#8217;alta qualitat i sabor inigualable.<\/p>\n","protected":false},"featured_media":5949,"comment_status":"open","ping_status":"closed","template":"","meta":{"inline_featured_image":false,"_uag_custom_page_level_css":"","site-sidebar-layout":"default","site-content-layout":"default","ast-site-content-layout":"default","site-content-style":"default","site-sidebar-style":"default","ast-global-header-display":"","ast-banner-title-visibility":"","ast-main-header-display":"","ast-hfb-above-header-display":"","ast-hfb-below-header-display":"","ast-hfb-mobile-header-display":"","site-post-title":"","ast-breadcrumbs-content":"","ast-featured-img":"","footer-sml-layout":"","theme-transparent-header-meta":"default","adv-header-id-meta":"","stick-header-meta":"default","header-above-stick-meta":"","header-main-stick-meta":"","header-below-stick-meta":"","astra-migrate-meta-layouts":"default","ast-page-background-enabled":"default","ast-page-background-meta":{"desktop":{"background-color":"var(--ast-global-color-4)","background-image":"","background-repeat":"repeat","background-position":"center center","background-size":"auto","background-attachment":"scroll","background-type":"","background-media":"","overlay-type":"","overlay-color":"","overlay-opacity":"","overlay-gradient":""},"tablet":{"background-color":"","background-image":"","background-repeat":"repeat","background-position":"center center","background-size":"auto","background-attachment":"scroll","background-type":"","background-media":"","overlay-type":"","overlay-color":"","overlay-opacity":"","overlay-gradient":""},"mobile":{"background-color":"","background-image":"","background-repeat":"repeat","background-position":"center center","background-size":"auto","background-attachment":"scroll","background-type":"","background-media":"","overlay-type":"","overlay-color":"","overlay-opacity":"","overlay-gradient":""}},"ast-content-background-meta":{"desktop":{"background-color":"var(--ast-global-color-5)","background-image":"","background-repeat":"repeat","background-position":"center center","background-size":"auto","background-attachment":"scroll","background-type":"","background-media":"","overlay-type":"","overlay-color":"","overlay-opacity":"","overlay-gradient":""},"tablet":{"background-color":"var(--ast-global-color-5)","background-image":"","background-repeat":"repeat","background-position":"center center","background-size":"auto","background-attachment":"scroll","background-type":"","background-media":"","overlay-type":"","overlay-color":"","overlay-opacity":"","overlay-gradient":""},"mobile":{"background-color":"var(--ast-global-color-5)","background-image":"","background-repeat":"repeat","background-position":"center center","background-size":"auto","background-attachment":"scroll","background-type":"","background-media":"","overlay-type":"","overlay-color":"","overlay-opacity":"","overlay-gradient":""}}},"product_brand":[],"product_cat":[578,577,464],"product_tag":[],"class_list":{"0":"post-6372","1":"product","2":"type-product","3":"status-publish","4":"has-post-thumbnail","6":"product_cat-botifarres","7":"product_cat-elaborats","8":"product_cat-vedella-de-la-cerdanya","9":"desktop-align-left","10":"tablet-align-left","11":"mobile-align-left","12":"ast-product-gallery-layout-horizontal-slider","13":"ast-product-gallery-with-no-image","14":"ast-product-single-variable","15":"ast-product-tabs-layout-horizontal","17":"first","18":"outofstock","19":"taxable","20":"shipping-taxable","21":"purchasable","22":"product-type-variable"},"yoast_head":"<!-- This site is optimized with the Yoast SEO Premium plugin v20.9 (Yoast SEO v27.4) - https:\/\/yoast.com\/product\/yoast-seo-premium-wordpress\/ -->\n<title>Botifarra de vedella de la Cerdanya - Vi\u00f1als 1906<\/title>\n<meta name=\"description\" content=\"La botifarra de vedella de la Cerdanya \u00e9s un producte d&#039;alta qualitat i sabor inigualable.\" \/>\n<meta name=\"robots\" content=\"index, follow, max-snippet:-1, max-image-preview:large, max-video-preview:-1\" \/>\n<link rel=\"canonical\" href=\"https:\/\/store.vinals1906.com\/tienda\/comprar\/butifarra-de-ternera-de-la-cerdanya\/\" \/>\n<meta property=\"og:locale\" content=\"ca_ES\" \/>\n<meta property=\"og:type\" content=\"article\" \/>\n<meta property=\"og:title\" content=\"Botifarra de vedella de la Cerdanya\" \/>\n<meta property=\"og:description\" content=\"La botifarra de vedella de la Cerdanya \u00e9s un producte d&#039;alta qualitat i sabor inigualable.\" \/>\n<meta property=\"og:url\" content=\"https:\/\/store.vinals1906.com\/tienda\/comprar\/butifarra-de-ternera-de-la-cerdanya\/\" \/>\n<meta property=\"og:site_name\" content=\"Vi\u00f1als 1906\" \/>\n<meta property=\"article:publisher\" content=\"https:\/\/www.facebook.com\/vinals1906\/?locale=es_ES\" \/>\n<meta property=\"article:modified_time\" content=\"2023-06-20T06:54:37+00:00\" \/>\n<meta property=\"og:image\" content=\"https:\/\/store.vinals1906.com\/wp-content\/uploads\/2023\/02\/26-scaled.jpg\" \/>\n\t<meta property=\"og:image:width\" content=\"1024\" \/>\n\t<meta property=\"og:image:height\" content=\"576\" \/>\n\t<meta property=\"og:image:type\" content=\"image\/jpeg\" \/>\n<meta name=\"twitter:card\" content=\"summary_large_image\" \/>\n<meta name=\"twitter:label1\" content=\"Temps estimat de lectura\" \/>\n\t<meta name=\"twitter:data1\" content=\"1 minut\" \/>\n<!-- \/ Yoast SEO Premium plugin. -->","yoast_head_json":{"title":"Botifarra de vedella de la Cerdanya - Vi\u00f1als 1906","description":"La botifarra de vedella de la Cerdanya \u00e9s un producte d'alta qualitat i sabor inigualable.","robots":{"index":"index","follow":"follow","max-snippet":"max-snippet:-1","max-image-preview":"max-image-preview:large","max-video-preview":"max-video-preview:-1"},"canonical":"https:\/\/store.vinals1906.com\/tienda\/comprar\/butifarra-de-ternera-de-la-cerdanya\/","og_locale":"ca_ES","og_type":"article","og_title":"Botifarra de vedella de la Cerdanya","og_description":"La botifarra de vedella de la Cerdanya \u00e9s un producte d'alta qualitat i sabor inigualable.","og_url":"https:\/\/store.vinals1906.com\/tienda\/comprar\/butifarra-de-ternera-de-la-cerdanya\/","og_site_name":"Vi\u00f1als 1906","article_publisher":"https:\/\/www.facebook.com\/vinals1906\/?locale=es_ES","article_modified_time":"2023-06-20T06:54:37+00:00","og_image":[{"width":1024,"height":576,"url":"https:\/\/store.vinals1906.com\/wp-content\/uploads\/2023\/02\/26-scaled.jpg","type":"image\/jpeg"}],"twitter_card":"summary_large_image","twitter_misc":{"Temps estimat de lectura":"1 minut"},"schema":{"@context":"https:\/\/schema.org","@graph":[{"@type":"WebPage","@id":"https:\/\/store.vinals1906.com\/tienda\/comprar\/butifarra-de-ternera-de-la-cerdanya\/","url":"https:\/\/store.vinals1906.com\/tienda\/comprar\/butifarra-de-ternera-de-la-cerdanya\/","name":"Botifarra de vedella de la Cerdanya - Vi\u00f1als 1906","isPartOf":{"@id":"https:\/\/store.vinals1906.com\/#website"},"primaryImageOfPage":{"@id":"https:\/\/store.vinals1906.com\/tienda\/comprar\/butifarra-de-ternera-de-la-cerdanya\/#primaryimage"},"image":{"@id":"https:\/\/store.vinals1906.com\/tienda\/comprar\/butifarra-de-ternera-de-la-cerdanya\/#primaryimage"},"thumbnailUrl":"https:\/\/store.vinals1906.com\/wp-content\/uploads\/2023\/02\/26-scaled.jpg","datePublished":"2023-01-31T19:47:52+00:00","dateModified":"2023-06-20T06:54:37+00:00","description":"La botifarra de vedella de la Cerdanya \u00e9s un producte d'alta qualitat i sabor inigualable.","breadcrumb":{"@id":"https:\/\/store.vinals1906.com\/tienda\/comprar\/butifarra-de-ternera-de-la-cerdanya\/#breadcrumb"},"inLanguage":"ca","potentialAction":[{"@type":"ReadAction","target":["https:\/\/store.vinals1906.com\/tienda\/comprar\/butifarra-de-ternera-de-la-cerdanya\/"]}]},{"@type":"ImageObject","inLanguage":"ca","@id":"https:\/\/store.vinals1906.com\/tienda\/comprar\/butifarra-de-ternera-de-la-cerdanya\/#primaryimage","url":"https:\/\/store.vinals1906.com\/wp-content\/uploads\/2023\/02\/26-scaled.jpg","contentUrl":"https:\/\/store.vinals1906.com\/wp-content\/uploads\/2023\/02\/26-scaled.jpg","width":1024,"height":576},{"@type":"BreadcrumbList","@id":"https:\/\/store.vinals1906.com\/tienda\/comprar\/butifarra-de-ternera-de-la-cerdanya\/#breadcrumb","itemListElement":[{"@type":"ListItem","position":1,"name":"Portada","item":"https:\/\/store.vinals1906.com\/"},{"@type":"ListItem","position":2,"name":"Botiga","item":"https:\/\/store.vinals1906.com\/tienda\/"},{"@type":"ListItem","position":3,"name":"Botifarra de vedella de la Cerdanya"}]},{"@type":"WebSite","@id":"https:\/\/store.vinals1906.com\/#website","url":"https:\/\/store.vinals1906.com\/","name":"Vinals1906.com","description":"Carnicer\u00eda online en Barcelona","publisher":{"@id":"https:\/\/store.vinals1906.com\/#organization"},"alternateName":"Vi\u00f1als 1906","potentialAction":[{"@type":"SearchAction","target":{"@type":"EntryPoint","urlTemplate":"https:\/\/store.vinals1906.com\/?s={search_term_string}"},"query-input":{"@type":"PropertyValueSpecification","valueRequired":true,"valueName":"search_term_string"}}],"inLanguage":"ca"},{"@type":"Organization","@id":"https:\/\/store.vinals1906.com\/#organization","name":"Vinals1906.com","url":"https:\/\/store.vinals1906.com\/","logo":{"@type":"ImageObject","inLanguage":"ca","@id":"https:\/\/store.vinals1906.com\/#\/schema\/logo\/image\/","url":"https:\/\/store.vinals1906.com\/wp-content\/uploads\/LOGO_9.svg","contentUrl":"https:\/\/store.vinals1906.com\/wp-content\/uploads\/LOGO_9.svg","caption":"Vinals1906.com"},"image":{"@id":"https:\/\/store.vinals1906.com\/#\/schema\/logo\/image\/"},"sameAs":["https:\/\/www.facebook.com\/vinals1906\/?locale=es_ES"]}]}},"spectra_custom_meta":{"_backorders":["no"],"_download_limit":["-1"],"_download_expiry":["-1"],"_downloadable":["no"],"_manage_stock":["no"],"_stock_status":["outofstock"],"_sold_individually":["no"],"_tax_class":[""],"_tax_status":["taxable"],"_virtual":["no"],"total_sales":["25"],"_price":["5.67","11.34","17.01"],"_wpml_media_duplicate":["0"],"_wpml_media_featured":["1"],"stick-header-meta":["default"],"site-sidebar-layout":["default"],"site-content-layout":["default"],"theme-transparent-header-meta":["default"],"_top_nav_excluded":[""],"_cms_nav_minihome":[""],"wcml_sync_hash":["a:1:{s:15:\"postmeta_fields\";s:32:\"22e05a735bdfb44dbbd3b598f405c3a8\";}"],"_wcml_average_rating":[null],"_wcml_review_count":[null],"_wcml_rating_count":[null],"attr_label_translations":["a:0:{}"],"_product_attributes":["a:1:{s:7:\"pa_peso\";a:6:{s:4:\"name\";s:7:\"pa_peso\";s:5:\"value\";s:0:\"\";s:8:\"position\";i:0;s:10:\"is_visible\";i:1;s:12:\"is_variation\";i:1;s:11:\"is_taxonomy\";i:1;}}"],"_thumbnail_id":["5949"],"_crosssell_ids":["a:0:{}"],"_last_translation_edit_mode":["translation-editor"],"_wpml_word_count":["{\"total\":243,\"to_translate\":{\"en\":243,\"es\":243}}"],"_edit_lock":["1679654305:252"],"_yoast_wpseo_primary_product_cat":[""],"_yoast_wpseo_metadesc":["La botifarra de vedella de la Cerdanya \u00e9s un producte d'alta qualitat i sabor inigualable."],"_yoast_wpseo_focuskw":["Botifarra de vedella de la Cerdanya"],"_yoast_wpseo_focuskeywords":[""],"ast-site-content-layout":["default"],"site-content-style":["default"],"site-sidebar-style":["default"],"_downloadable_files":[""],"_uag_css_file_name":["uag-css-6372.css"],"_wc_rating_count":[""],"_wc_review_count":[""],"_wc_average_rating":[0]},"uagb_featured_image_src":{"full":["https:\/\/store.vinals1906.com\/wp-content\/uploads\/2023\/02\/26-scaled.jpg",1024,576,false],"thumbnail":["https:\/\/store.vinals1906.com\/wp-content\/uploads\/2023\/02\/26-scaled.jpg",150,84,false],"medium":["https:\/\/store.vinals1906.com\/wp-content\/uploads\/2023\/02\/26-scaled.jpg",300,169,false],"medium_large":["https:\/\/store.vinals1906.com\/wp-content\/uploads\/2023\/02\/26-scaled.jpg",768,432,false],"large":["https:\/\/store.vinals1906.com\/wp-content\/uploads\/2023\/02\/26-scaled.jpg",1024,576,false],"1536x1536":["https:\/\/store.vinals1906.com\/wp-content\/uploads\/2023\/02\/26-scaled.jpg",1024,576,false],"2048x2048":["https:\/\/store.vinals1906.com\/wp-content\/uploads\/2023\/02\/26-scaled.jpg",1024,576,false],"blog":["https:\/\/store.vinals1906.com\/wp-content\/uploads\/2023\/02\/26-scaled.jpg",600,338,false],"mailpoet_newsletter_max":["https:\/\/store.vinals1906.com\/wp-content\/uploads\/2023\/02\/26-scaled.jpg",1024,576,false],"woocommerce_thumbnail":["https:\/\/store.vinals1906.com\/wp-content\/uploads\/2023\/02\/26-scaled-600x576.jpg",600,576,true],"woocommerce_single":["https:\/\/store.vinals1906.com\/wp-content\/uploads\/2023\/02\/26-scaled-600x338.jpg",600,338,true],"woocommerce_gallery_thumbnail":["https:\/\/store.vinals1906.com\/wp-content\/uploads\/2023\/02\/26-scaled-100x100.jpg",100,100,true],"dgwt-wcas-product-suggestion":["https:\/\/store.vinals1906.com\/wp-content\/uploads\/2023\/02\/26-scaled-64x36.jpg",64,36,true]},"uagb_author_info":{"display_name":"Domingo","author_link":"https:\/\/store.vinals1906.com\/ca\/author\/"},"uagb_comment_info":0,"uagb_excerpt":"La botifarra de vedella de la Cerdanya \u00e9s un producte d'alta qualitat i sabor inigualable.","_links":{"self":[{"href":"https:\/\/store.vinals1906.com\/ca\/wp-json\/wp\/v2\/product\/6372","targetHints":{"allow":["GET"]}}],"collection":[{"href":"https:\/\/store.vinals1906.com\/ca\/wp-json\/wp\/v2\/product"}],"about":[{"href":"https:\/\/store.vinals1906.com\/ca\/wp-json\/wp\/v2\/types\/product"}],"replies":[{"embeddable":true,"href":"https:\/\/store.vinals1906.com\/ca\/wp-json\/wp\/v2\/comments?post=6372"}],"wp:featuredmedia":[{"embeddable":true,"href":"https:\/\/store.vinals1906.com\/ca\/wp-json\/wp\/v2\/media\/5949"}],"wp:attachment":[{"href":"https:\/\/store.vinals1906.com\/ca\/wp-json\/wp\/v2\/media?parent=6372"}],"wp:term":[{"taxonomy":"product_brand","embeddable":true,"href":"https:\/\/store.vinals1906.com\/ca\/wp-json\/wp\/v2\/product_brand?post=6372"},{"taxonomy":"product_cat","embeddable":true,"href":"https:\/\/store.vinals1906.com\/ca\/wp-json\/wp\/v2\/product_cat?post=6372"},{"taxonomy":"product_tag","embeddable":true,"href":"https:\/\/store.vinals1906.com\/ca\/wp-json\/wp\/v2\/product_tag?post=6372"}],"curies":[{"name":"wp","href":"https:\/\/api.w.org\/{rel}","templated":true}]}}